{"id":7301,"date":"2022-03-29T11:09:41","date_gmt":"2022-03-29T09:09:41","guid":{"rendered":"https:\/\/www.actonic.de\/actonic-portfolio\/"},"modified":"2024-07-16T17:08:53","modified_gmt":"2024-07-16T15:08:53","slug":"portfolio-download","status":"publish","type":"page","link":"https:\/\/actonic.de\/en\/portfolio-download\/","title":{"rendered":"Service Portfolio"},"content":{"rendered":"<div class=\"wpb-content-wrapper\"><p>[vc_row full_width=&#8221;stretch_row&#8221;][vc_column][heading title=&#8221;Unfolding potential together<br \/>\nThe Actonic portfolio&#8221; heading=&#8221;h1&#8243; text_align=&#8221;center&#8221; el_id=&#8221;1648555915087-d7974e58-8424&#8243;][vc_empty_space][\/vc_column][\/vc_row][vc_row content_placement=&#8221;middle&#8221;][vc_column width=&#8221;1\/2&#8243;][vc_single_image image=&#8221;7320&#8243; img_size=&#8221;full&#8221;][\/vc_column][vc_column width=&#8221;1\/2&#8243;][vc_column_text]With innovative IT solutions, we support and inspire people with <strong>customized opportunities.<\/strong> Development, consulting, support or change management \u2013 whatever your IT problem, we will find the <strong>maximum added value<\/strong> for you.[\/vc_column_text][\/vc_column][vc_column][vc_row_inner][vc_column_inner width=&#8221;1\/2&#8243;][heading title=&#8221;English&#8221; heading=&#8221;h2&#8243; text_align=&#8221;center&#8221; el_id=&#8221;1648555838232-e520c81e-994c&#8221;][vc_column_text]<\/p>\n<p style=\"text-align: center;\">Discover a comprehensive overview of our products and services in our brochure now!<\/p>\n<p>[\/vc_column_text][button title=&#8221;Download&#8221; link=&#8221;https:\/\/www.actonic.de\/wp-content\/uploads\/2022\/03\/Actonic-Portfolio-Brochure-EN.pdf&#8221; classes=&#8221;portfolio-download-en, open-in-new-screen&#8221; button_align=&#8221;center&#8221; button_size=&#8221;btn-lg&#8221; el_id=&#8221;1648555932407-fa777909-c9f5&#8243;][\/vc_column_inner][vc_column_inner width=&#8221;1\/2&#8243;][heading title=&#8221;Deutsch&#8221; heading=&#8221;h2&#8243; text_align=&#8221;center&#8221; el_id=&#8221;1648555829611-3b0f0a1b-7e4b&#8221;][vc_column_text]<\/p>\n<p style=\"text-align: center;\">Entdecken Sie jetzt in unserer Brosch\u00fcre einen umfassenden \u00dcberblick \u00fcber unsere Produkte und Services!<\/p>\n<p>[\/vc_column_text][button title=&#8221;Download&#8221; link=&#8221;https:\/\/www.actonic.de\/wp-content\/uploads\/2022\/03\/Actonic-Portfolio-Brochure-DE.pdf&#8221; classes=&#8221;portfolio-download-de, open-in-new-screen&#8221; button_align=&#8221;center&#8221; button_size=&#8221;btn-lg&#8221; el_id=&#8221;1648555863444-e2ac92e3-93c7&#8243;][\/vc_column_inner][vc_column_inner][vc_empty_space][\/vc_column_inner][\/vc_row_inner][\/vc_column][\/vc_row][vc_row full_width=&#8221;stretch_row&#8221; el_class=&#8221;eyecatcher_banner&#8221;][vc_column][heading title=&#8221;We optimize your business processes&#8221; heading=&#8221;h1&#8243; text_align=&#8221;center&#8221; el_id=&#8221;1648554075978-d1652cf4-5682&#8243;][vc_column_text]<\/p>\n<p style=\"text-align: center;\">Completely individual solutions: We analyze where you stand and move together towards progress!<\/p>\n<p>[\/vc_column_text][vc_empty_space height=&#8221;10px&#8221;][vc_row_inner][vc_column_inner width=&#8221;1\/4&#8243;][\/vc_column_inner][vc_column_inner width=&#8221;1\/4&#8243;][vc_empty_space height=&#8221;10px&#8221;][button title=&#8221;Send inquiry&#8221; classes=&#8221;ContactJiraIssueCollector&#8221; button_align=&#8221;center&#8221; button_size=&#8221;btn-lg&#8221; el_id=&#8221;1648555935245-3289e82e-7be9&#8243;][\/vc_column_inner][vc_column_inner width=&#8221;1\/4&#8243;][vc_empty_space height=&#8221;10px&#8221;][button title=&#8221;Book appointment&#8221; link=&#8221;https:\/\/calendly.com\/actonic\/&#8221; classes=&#8221;calendly, open-in-new-screen&#8221; button_align=&#8221;center&#8221; button_size=&#8221;btn-lg&#8221; button_style=&#8221;secondary&#8221; el_id=&#8221;1648555889830-e4e6ce2b-752f&#8221;][\/vc_column_inner][vc_column_inner width=&#8221;1\/4&#8243;][\/vc_column_inner][\/vc_row_inner][\/vc_column][\/vc_row]<\/p>\n<\/div>","protected":false},"excerpt":{"rendered":"<p>[vc_row full_width=&#8221;stretch_row&#8221;][vc_column][heading title=&#8221;Unfolding potential together The Actonic portfolio&#8221; heading=&#8221;h1&#8243; text_align=&#8221;center&#8221; el_id=&#8221;1648555915087-d7974e58-8424&#8243;][vc_empty_space][\/vc_column][\/vc_row][vc_row content_placement=&#8221;middle&#8221;][vc_column width=&#8221;1\/2&#8243;][vc_single_image image=&#8221;7320&#8243; img_size=&#8221;full&#8221;][\/vc_column][vc_column width=&#8221;1\/2&#8243;][vc_column_text]With innovative IT solutions, we support and inspire people with customized opportunities. Development, consulting, support or change management \u2013 whatever your IT problem, we will find the maximum added value for you.[\/vc_column_text][\/vc_column][vc_column][vc_row_inner][vc_column_inner width=&#8221;1\/2&#8243;][heading title=&#8221;English&#8221; heading=&#8221;h2&#8243; text_align=&#8221;center&#8221; el_id=&#8221;1648555838232-e520c81e-994c&#8221;][vc_column_text] Discover a comprehensive\u2026<\/p>\n","protected":false},"author":5,"featured_media":0,"parent":0,"menu_order":0,"comment_status":"closed","ping_status":"closed","template":"page-tpl-no-sidebar-no-title.php","meta":{"_acf_changed":false,"footnotes":""},"class_list":["post-7301","page","type-page","status-publish","hentry"],"acf":[],"yoast_head":"<!-- This site is optimized with the Yoast SEO Premium plugin v27.5 (Yoast SEO v27.5) - https:\/\/yoast.com\/product\/yoast-seo-premium-wordpress\/ -->\n<title>Service Portfolio - Actonic \u2013 Unfolding your potential<\/title>\n<meta name=\"description\" content=\"With innovative IT solutions, we support and inspire with customized opportunities. Development, consulting, support or change management. Discover more \u2714\ufe0f\" \/>\n<meta name=\"robots\" content=\"noindex, follow\" \/>\n<meta property=\"og:locale\" content=\"en_US\" \/>\n<meta property=\"og:type\" content=\"article\" \/>\n<meta property=\"og:title\" content=\"Service Portfolio\" \/>\n<meta property=\"og:description\" content=\"With innovative IT solutions, we support and inspire with customized opportunities. Development, consulting, support or change management. Discover more \u2714\ufe0f\" \/>\n<meta property=\"og:url\" content=\"https:\/\/actonic.de\/en\/portfolio-download\/\" \/>\n<meta property=\"og:site_name\" content=\"Actonic \u2013 Unfolding your potential\" \/>\n<meta property=\"article:modified_time\" content=\"2024-07-16T15:08:53+00:00\" \/>\n<meta name=\"twitter:card\" content=\"summary_large_image\" \/>\n<meta name=\"twitter:label1\" content=\"Est. reading time\" \/>\n\t<meta name=\"twitter:data1\" content=\"1 minute\" \/>\n<script type=\"application\/ld+json\" class=\"yoast-schema-graph\">{\"@context\":\"https:\\\/\\\/schema.org\",\"@graph\":[{\"@type\":\"WebPage\",\"@id\":\"https:\\\/\\\/actonic.de\\\/en\\\/portfolio-download\\\/\",\"url\":\"https:\\\/\\\/actonic.de\\\/en\\\/portfolio-download\\\/\",\"name\":\"Service Portfolio - Actonic \u2013 Unfolding your potential\",\"isPartOf\":{\"@id\":\"https:\\\/\\\/actonic.de\\\/en\\\/#website\"},\"datePublished\":\"2022-03-29T09:09:41+00:00\",\"dateModified\":\"2024-07-16T15:08:53+00:00\",\"description\":\"With innovative IT solutions, we support and inspire with customized opportunities. Development, consulting, support or change management. Discover more \u2714\ufe0f\",\"breadcrumb\":{\"@id\":\"https:\\\/\\\/actonic.de\\\/en\\\/portfolio-download\\\/#breadcrumb\"},\"inLanguage\":\"en-US\",\"potentialAction\":[{\"@type\":\"ReadAction\",\"target\":[\"https:\\\/\\\/actonic.de\\\/en\\\/portfolio-download\\\/\"]}]},{\"@type\":\"BreadcrumbList\",\"@id\":\"https:\\\/\\\/actonic.de\\\/en\\\/portfolio-download\\\/#breadcrumb\",\"itemListElement\":[{\"@type\":\"ListItem\",\"position\":1,\"name\":\"Home\",\"item\":\"https:\\\/\\\/actonic.de\\\/en\\\/\"},{\"@type\":\"ListItem\",\"position\":2,\"name\":\"Service Portfolio\"}]},{\"@type\":\"WebSite\",\"@id\":\"https:\\\/\\\/actonic.de\\\/en\\\/#website\",\"url\":\"https:\\\/\\\/actonic.de\\\/en\\\/\",\"name\":\"Actonic \u2013 Unfolding your potential\",\"description\":\"\",\"potentialAction\":[{\"@type\":\"SearchAction\",\"target\":{\"@type\":\"EntryPoint\",\"urlTemplate\":\"https:\\\/\\\/actonic.de\\\/en\\\/?s={search_term_string}\"},\"query-input\":{\"@type\":\"PropertyValueSpecification\",\"valueRequired\":true,\"valueName\":\"search_term_string\"}}],\"inLanguage\":\"en-US\"}]}<\/script>\n<!-- \/ Yoast SEO Premium plugin. -->","yoast_head_json":{"title":"Service Portfolio - Actonic \u2013 Unfolding your potential","description":"With innovative IT solutions, we support and inspire with customized opportunities. Development, consulting, support or change management. Discover more \u2714\ufe0f","robots":{"index":"noindex","follow":"follow"},"og_locale":"en_US","og_type":"article","og_title":"Service Portfolio","og_description":"With innovative IT solutions, we support and inspire with customized opportunities. Development, consulting, support or change management. Discover more \u2714\ufe0f","og_url":"https:\/\/actonic.de\/en\/portfolio-download\/","og_site_name":"Actonic \u2013 Unfolding your potential","article_modified_time":"2024-07-16T15:08:53+00:00","twitter_card":"summary_large_image","twitter_misc":{"Est. reading time":"1 minute"},"schema":{"@context":"https:\/\/schema.org","@graph":[{"@type":"WebPage","@id":"https:\/\/actonic.de\/en\/portfolio-download\/","url":"https:\/\/actonic.de\/en\/portfolio-download\/","name":"Service Portfolio - Actonic \u2013 Unfolding your potential","isPartOf":{"@id":"https:\/\/actonic.de\/en\/#website"},"datePublished":"2022-03-29T09:09:41+00:00","dateModified":"2024-07-16T15:08:53+00:00","description":"With innovative IT solutions, we support and inspire with customized opportunities. Development, consulting, support or change management. Discover more \u2714\ufe0f","breadcrumb":{"@id":"https:\/\/actonic.de\/en\/portfolio-download\/#breadcrumb"},"inLanguage":"en-US","potentialAction":[{"@type":"ReadAction","target":["https:\/\/actonic.de\/en\/portfolio-download\/"]}]},{"@type":"BreadcrumbList","@id":"https:\/\/actonic.de\/en\/portfolio-download\/#breadcrumb","itemListElement":[{"@type":"ListItem","position":1,"name":"Home","item":"https:\/\/actonic.de\/en\/"},{"@type":"ListItem","position":2,"name":"Service Portfolio"}]},{"@type":"WebSite","@id":"https:\/\/actonic.de\/en\/#website","url":"https:\/\/actonic.de\/en\/","name":"Actonic \u2013 Unfolding your potential","description":"","potentialAction":[{"@type":"SearchAction","target":{"@type":"EntryPoint","urlTemplate":"https:\/\/actonic.de\/en\/?s={search_term_string}"},"query-input":{"@type":"PropertyValueSpecification","valueRequired":true,"valueName":"search_term_string"}}],"inLanguage":"en-US"}]}},"_links":{"self":[{"href":"https:\/\/actonic.de\/en\/wp-json\/wp\/v2\/pages\/7301","targetHints":{"allow":["GET"]}}],"collection":[{"href":"https:\/\/actonic.de\/en\/wp-json\/wp\/v2\/pages"}],"about":[{"href":"https:\/\/actonic.de\/en\/wp-json\/wp\/v2\/types\/page"}],"author":[{"embeddable":true,"href":"https:\/\/actonic.de\/en\/wp-json\/wp\/v2\/users\/5"}],"replies":[{"embeddable":true,"href":"https:\/\/actonic.de\/en\/wp-json\/wp\/v2\/comments?post=7301"}],"version-history":[{"count":0,"href":"https:\/\/actonic.de\/en\/wp-json\/wp\/v2\/pages\/7301\/revisions"}],"wp:attachment":[{"href":"https:\/\/actonic.de\/en\/wp-json\/wp\/v2\/media?parent=7301"}],"curies":[{"name":"wp","href":"https:\/\/api.w.org\/{rel}","templated":true}]}}